{"id":2293,"date":"2024-12-10T15:13:55","date_gmt":"2024-12-10T14:13:55","guid":{"rendered":"https:\/\/norgaardengelbrechtsen.dk\/?page_id=2293"},"modified":"2025-02-11T12:15:42","modified_gmt":"2025-02-11T11:15:42","slug":"klientoplysninger","status":"publish","type":"page","link":"https:\/\/norgaardengelbrechtsen.dk\/ar\/klientoplysninger\/","title":{"rendered":"Klientoplysninger"},"content":{"rendered":"<p><a href=\"#\"><br \/><strong><span style=\"color: #000000;\">LOVPLIGTIGE OPLYSNINGER<\/span><\/strong><\/a><\/p>\n<p>N\u00f8rgaard Engelbrechtsen Advokatfirma er en enkeltmandsvirksomhed oprettet under cvr.nr. 39061767 og har adresse p\u00e5 \u00c5boulevard 7d, 1635 K\u00f8benhavn V.<\/p>\n<p>N\u00f8rgaard Engelbrechtsen Advokatfirma er en del af kontorf\u00e6llesskabet Advokaterne \u00c5boulevard. Oplysninger om kontorf\u00e6llesskabets advokater, retsomr\u00e5der og forretningsbetingelser m.v. kan findes p\u00e5 hjemmesiden<span style=\"color: #000000;\"> <a style=\"color: #000000;\" href=\"http:\/\/www.advo7d.dk\">www.advo7d.dk<\/a>.<\/span><\/p>\n<p>Advokaterne hos N\u00f8rgaard Engelbrechtsen Advokatfirma er beskikket af justitsministeriet\/ civilstyrelsen i Danmark og er en del af advokatsamfundet.<\/p>\n<p>Advokat Jacob Engelbrechtsen er omfattet af ansvarsforsikring og garantiordning tegnet hos HDI Danmark med policenummer 156-08401879-30018. Ansvarsforsikringen d\u00e6kker al advokatvirksomhed ud\u00f8vet af Advokat Jacob Engelbrechtsen, uanset hvor advokatvirksomheden ud\u00f8ves.<\/p>\n<p>Advokat Souheila Hussein er omfattet af ansvarsforsikring og garantiordning tegnet hos HDI Danmark med policenummer 156-08401879-30018. Ansvarsforsikringen d\u00e6kker al advokatvirksomhed ud\u00f8vet af Advokat Souheila Hussein, uanset hvor advokatvirksomheden ud\u00f8ves.<\/p>\n<p>Advokat Jacob Engelbrechtsen kan kontaktes p\u00e5 telefonnummer +45 26 31 90 07 samt p\u00e5 e-mail<span style=\"color: #000000;\"> <a style=\"color: #000000;\" href=\"mailto:je@norgaardengelbrechtsen.dk\">je@norgaardengelbrechtsen.dk<\/a><\/span><\/p>\n<p>Advokat Souheila Hussein kan kontaktes p\u00e5 telefonnummer +45 31 42 78 73 samt p\u00e5 e-mail <span style=\"color: #000000;\"><a style=\"color: #000000;\" href=\"mailto:sah@norgaardengelbrechtsen.dk\">sah@norgaardengelbrechtsen.dk<\/a><\/span><\/p>\n<p>Hvis du som klient ikke har v\u00e6ret tilfreds med den ydede bistand opfordrer vi altid til at tage personlig kontakt til den p\u00e5g\u00e6ldende advokat med henblik p\u00e5 at f\u00e5 l\u00f8st situationen i mindelighed. \u00a0<br \/>Advokaterne hos N\u00f8rgaard Engelbrechtsen Advokatfirma er omfattet af Advokatsamfundets tilsyns- og disciplin\u00e6rsystem og af reglerne om god advokatskik, jf. retsplejelovens \u00a7 126. Herudover g\u00e6lder de advokatetiske regler. De regler, der s\u00e6rligt g\u00e6lder for ud\u00f8velse af advokaterhvervet, kan findes p\u00e5 Advokatsamfundets hjemmeside,\u00a0<span style=\"color: #000000;\"><a style=\"color: #000000;\" href=\"http:\/\/www.advokatsamfundet.dk\/\">www.advokatsamfundet.dk<\/a>.<\/span><\/p>\n<p>Opn\u00e5s der ikke enighed om en tvist om opkr\u00e6vet sal\u00e6r \u00a0eller er der utilfredshed med en af advokaternes adf\u00e6rd, kan klienten klage over sal\u00e6rets st\u00f8rrelse og\/eller adf\u00e6rden til Advokatn\u00e6vnet, Kronprinsessegade 28, 1306 K\u00f8benhavn K <span style=\"color: #000000;\"><u><a style=\"color: #000000;\" href=\"http:\/\/www.advokatnaevnet.dk\">www.advokatnaevnet.dk<\/a><\/u><\/span><\/p>\n<p>Telefon: 33 96 97 98 eller e-mail:\u00a0<span style=\"color: #000000;\"><a style=\"color: #000000;\" href=\"mailto:klagesagsafdelingen@advokatsamfundet.dk\">klagesagsafdelingen@advokatsamfundet.dk<\/a>\u00a0<\/span><\/p>\n<p>N\u00f8rgaard Engelbrechtsen Advokatfirma anvender ikke aftaleklausuler om lovvalg eller v\u00e6rneting, medmindre det aftales direkte med klienten. \u00a0<\/p>\n<p>Der henvises i \u00f8vrigt til de til enhver tid g\u00e6ldende forretningsbetingelser hos kontorf\u00e6llesskabet Advokaterne \u00c5boulevard, som N\u00f8rgaard Engelbrechtsen Advokatfirma er en del af.<\/p>\n<p>Forretningsbetingelserne kan ses nedenfor samt p\u00e5 hjemmesiden <span style=\"color: #000000;\"><a style=\"color: #000000;\" href=\"http:\/\/www.advo7d.dk\">www.advo7d.dk<\/a> <\/span>\u00a0<\/p>\n<p><a href=\"#\">\u00a0<br \/><\/a><\/p>\n<p><a href=\"#\"><br \/><span style=\"color: #000000;\"><strong>FORRETNINGSBETINGELSER<\/strong><\/span><\/a><\/p>\n<p>Da N\u00f8rgaard Engelbrechtsen Advokatfirma er en del af kontorf\u00e6llesskabet Advokaterne \u00c5boulevard, henvises til nedenst\u00e5ende forretningsbetingelser.<\/p>\n<p><strong>Forretningsbetingelser for Advokaterne \u00c5boulevard<\/strong><br \/>\u00a0Medmindre andet skriftligt aftales, er n\u00e6rv\u00e6rende forretningsbetingelser g\u00e6ldende for enhver opgave, som klienten anmoder et af de selvst\u00e6ndige advokatfirmaer i Advokaterne \u00c5boulevard om at bist\u00e5 med l\u00f8sningen af.\u00a0<\/p>\n<p><span style=\"text-decoration: underline;\">OPGAVENS MODTAGELSE<\/span><\/p>\n<p>Opgavebeskrivelse<\/p>\n<p>Ved modtagelsen af en sag fremsender vi som udgangspunkt en anerkendelse og en beskrivelse af opgaven. Medmindre klienten udtrykker \u00f8nske om en s\u00e5dan, kan vi undlade dette, enten hvis klienten er erhvervsdrivende og allerede har sendt os en beskrivelse af opgaven, hvis opgaven ikke er omfattende, eller hvis der er tale om en opgave, der skal behandles omg\u00e5ende.<\/p>\n<p>\u200bInteressekonflikter<\/p>\n<p>N\u00e5r vi modtager opgaven, sikrer vi os i overensstemmelse med Advokatsamfundets regler og vores interne interessekonfliktprocedurer, at der ikke foreligger inhabilitet eller interessekonflikt. Opst\u00e5r der under sagens forl\u00f8b inhabilitet eller interessekonflikt, som medf\u00f8rer, at vi m\u00e5 frasige os sagen, hj\u00e6lper vi gerne med at henvise klienten til en anden advokat.<br \/>Identitetsoplysninger og hvidvaskning af penge. Som alle andre advokatvirksomheder er vi omfattet af loven om forebyggende foranstaltninger mod hvidvaskning af penge. Til opfyldelse af loven har vi pligt til at indhente identitetsoplysninger b\u00e5de fra nye klienter og fra eksisterende klienter, der ikke tidligere har afgivet identitetsoplysninger.\u00a0<\/p>\n<p><span style=\"text-decoration: underline;\">SAL\u00c6R OG BETALING<\/span><\/p>\n<p>\u200bSal\u00e6r<\/p>\n<p>Vi fors\u00f8ger ved enhver opgavel\u00f8sning at udf\u00f8re denne for et sal\u00e6r, der st\u00e5r i et rimeligt forhold til sagens v\u00e6rdi og den ydede indsats til opgavens l\u00f8sning. I den forbindelse tilstr\u00e6bes altid at h\u00e5ndtere opgaven p\u00e5 rette niveau.<br \/>Fasts\u00e6ttelsen af et advokathonorar sker ud fra flere forskellige parametre. I overensstemmelse med almindelig dansk praksis indg\u00e5r i beregningen af vores sal\u00e6r blandt andet den tid, der er brugt p\u00e5 opgaven, den grad af specialistviden, opgavens l\u00f8sning har kr\u00e6vet, de involverede juristers erfaring, st\u00f8rrelsen af de involverede v\u00e6rdier, opgavens vigtighed for klienten, det opn\u00e5ede resultat og det med opgavens l\u00f8sning forbundne ansvar. Det kan v\u00e6re meget vanskeligt at vurdere et honorar baseret p\u00e5 ovenn\u00e6vnte parametre ved opgavens modtagelse, men i overensstemmelse med Advokatsamfundets regler afgiver vi p\u00e5 opfordring ved sagens modtagelse eller senere opfordring \u2013 dog altid over for forbrugere \u2013 et begrundet overslag og oplysning om de forventede udl\u00e6g og afgifter, ligesom vi s\u00e5 tidligt som muligt orienterer klienten, hvis det viser sig, at det samlede sal\u00e6r forventes at overstige overslaget. Det kan endvidere aftales at der gives besked til klienten hver gang et bestemt bel\u00f8bsinterval overskrides.<\/p>\n<p>Fakturering<\/p>\n<p>Normalt udsteder vi en faktura, n\u00e5r opgaven er afsluttet. L\u00e6ngerevarende opgaver a conto-afregnes med kortere eller l\u00e6ngere intervaller, oftest hver, hver tredje eller hver sjette m\u00e5ned, medmindre andet er aftalt. Betalingsbetingelserne er 8 dage fra fakturadato, og der till\u00e6gges moms efter g\u00e6ldende regler. Ved forsinket betaling beregner vi renter i overensstemmelse med rentelovens regler.\u00a0<\/p>\n<p>Forudbetaling<\/p>\n<p>Hvis vi modtager forudbetaling for sal\u00e6r, udl\u00e6g eller omkostninger, inds\u00e6ttes s\u00e5danne bel\u00f8b p\u00e5 vores klientkonto. Disse bel\u00f8b inklusive eventuelle indvundne renter anvendes til udligning af kommende fakturaer eller omkostninger, medmindre andet aftales. Vi kr\u00e6ver som udgangspunkt forudbetaling af udl\u00e6g og omkostninger \u2013 og undtagelsesvis\u00a0forudbetaling af sal\u00e6r.\u00a0<\/p>\n<p>Udl\u00e6g<\/p>\n<p>Klienten betaler udover honoraret omkostninger og udl\u00e6g, som vi har afholdt som led i udf\u00f8relsen af opgaven, herunder f.eks. afgifter og gebyrer, rejse- og opholdsudgifter samt visse kopierings- og forsendelsesudgifter. Det afh\u00e6nger af bel\u00f8bets st\u00f8rrelse, om vi udl\u00e6gger bel\u00f8bet for klienten, eller om vi beder om forudbetaling af bel\u00f8bet.\u00a0<\/p>\n<p><span style=\"text-decoration: underline;\">FORTROLIGHED<\/span><\/p>\n<p>Alle i Advokaterne \u00c5boulevard er p\u00e5lagt tavshedspligt. Enhver oplysning, som vi modtager i forbindelse med en opgave, behandles som fortrolig, medmindre det fremg\u00e5r af omst\u00e6ndighederne, at den ikke er af fortrolig karakter.<\/p>\n<p>\u200b<\/p>\n<p><span style=\"text-decoration: underline;\">INSIDERHANDEL<\/span><\/p>\n<p>Alle i Advokaterne \u00c5boulevard er omfattet af den g\u00e6ldende lovgivning om forbud mod videregivelse af intern viden om b\u00f8rsnoterede selskaber og restriktioner for handel med b\u00f8rsnoterede v\u00e6rdipapirer og af et af firmaet etableret regels\u00e6t herom.\u00a0<\/p>\n<p><span style=\"text-decoration: underline;\">ANVENDELSE AF VORES R\u00c5DGIVNING<\/span><\/p>\n<p>Vores r\u00e5dgivning m\u00e5lrettes til det konkrete form\u00e5l og m\u00e5 derfor ikke anvendes til andet form\u00e5l uden vores udtrykkelige forh\u00e5ndsaccept. Medmindre andet aftales, er vi alene ansvarlige over for klienten for den ydede r\u00e5dgivning.\u00a0<\/p>\n<p><span style=\"text-decoration: underline;\">KLIENTKONTO<\/span><\/p>\n<p>Advokaterne forvalter alle klientmidler i henhold til Advokatsamfundets regler. Indest\u00e5ender p\u00e5 klientkonti er omfattet af det generelle loft p\u00e5 EUR 100.000, som er fastsat i lov om en indskyder- og investorgarantiordning for d\u00e6kning i tilf\u00e6lde af en banks konkurs.<\/p>\n<p>D\u00e6kningsmaksimummet g\u00e6lder det samlede indskud i banken, selvom pengene st\u00e5r p\u00e5 forskellige konti, herunder p\u00e5 b\u00e5de klientbankkonti og egne konti.<\/p>\n<p>Vi har ikke noget ansvar for indskud p\u00e5 klientbankkonti, hvis et pengeinstitut bliver n\u00f8dlidende.<\/p>\n<p>Der g\u00e6lder s\u00e6rlige regler i forbindelse med fast ejendom, hvor d\u00e6kningsmaksimum er st\u00f8rre. Her d\u00e6kker garantien op til 10 mio. euro, indtil 12 m\u00e5neder efter bel\u00f8bet er indsat, og uanset om indskuddet st\u00e5r p\u00e5 forskellige konti.<\/p>\n<p>N\u00e6rmere oplysninger om garantiordningen findes p\u00e5 Garantiformuens hjemmeside\u00a0<span style=\"color: #000000;\"><u><a style=\"color: #000000;\" href=\"http:\/\/www.gii.dk\/\">www.gii.dk<\/a><\/u><\/span><\/p>\n<p>\u200b<\/p>\n<p><span style=\"text-decoration: underline;\">AFSLUTNING AF OPGAVEN<\/span><\/p>\n<p>Som altovervejende hovedregel gennemf\u00f8rer vi opgaven til den naturlige afslutning, eller indtil klienten beder os afslutte denne. Vi forbeholder os imidlertid snarest muligt at afslutte vores bistand, hvis kredittiden p\u00e5 vores faktura p\u00e5 trods af rykker er overskredet v\u00e6sentligt, eller der indtr\u00e6der insolvens hos klienten. Vi forbeholder os ret til at udtr\u00e6de af en sag, s\u00e5fremt vi i s\u00e6rlige tilf\u00e6lde ikke l\u00e6ngere finder at kunne tage ansvaret for sagsbehandlingen, eller hvis vi mener, at det er i klientens interesse, at vi oph\u00f8rer med at yde bistand. Klienten vil i givet fald straks blive orienteret.<br \/>Originale dokumenter udleveres normalt senest i forbindelse med opgavens afslutning, og vi opbevarer sagen i mindst fem \u00e5r fra fakturadato.\u00a0<\/p>\n<p><span style=\"text-decoration: underline;\">KLAGER<\/span><\/p>\n<p>Hvis vores bistand eller sal\u00e6r ikke lever op til klientens forventninger, opfordrer vi klienten til at kontakte den partner og dermed det advokatfirma i kontorf\u00e6llesskabet, som klienten har indg\u00e5et aftale om advokatbistand med.<\/p>\n<p>Advokaterne er omfattet af Advokatsamfundets tilsyns- og disciplin\u00e6rsystem og af reglerne om god advokatskik, jf. retsplejelovens \u00a7 126. Herudover g\u00e6lder de advokatetiske regler. De regler, der s\u00e6rligt g\u00e6lder for ud\u00f8velse af advokaterhvervet, kan findes p\u00e5 Advokatsamfundets hjemmeside\u00a0<span style=\"color: #000000;\"><a style=\"color: #000000;\" href=\"http:\/\/www.advokatsamfundet.dk\/\">www.advokatsamfundet.dk<\/a>.<\/span><\/p>\n<p>Opn\u00e5s der ikke enighed om en tvist om opkr\u00e6vet sal\u00e6r \u00a0eller er der utilfredshed med en af advokaternes adf\u00e6rd, kan klienten klage over sal\u00e6rets st\u00f8rrelse og\/eller adf\u00e6rden til Advokatn\u00e6vnet, Kronprinsessegade 28, 1306 K\u00f8benhavn K,<br \/><span style=\"color: #000000;\"><u><a style=\"color: #000000;\" href=\"http:\/\/www.advokatnaevnet.dk\/\">www.advokatnaevnet.dk<\/a><\/u><\/span><\/p>\n<p>Telefon: 33 96 97 98 eller e-mail:\u00a0<span style=\"color: #000000;\"><a style=\"color: #000000;\" href=\"mailto:klagesagsafdelingen@advokatsamfundet.dk\">klagesagsafdelingen@advokatsamfundet.dk<\/a>\u00a0<\/span><\/p>\n<p><span style=\"text-decoration: underline;\">LOVVALG OG V\u00c6RNETING<\/span><\/p>\n<p>Enhver tvist mellem en klient og en advokat skal l\u00f8ses i overensstemmelse med dansk ret ved den kompetente danske domstol.\u00a0<\/p>\n<p><span style=\"text-decoration: underline;\">ANSVAR OG FORSIKRINGSD\u00c6KNING<\/span><\/p>\n<p>Advokaterne \u00c5boulevard er et kontorf\u00e6llesskab mellem selvst\u00e6ndige advokatfirmaer, disse advokatfirmaer h\u00e6fter s\u00e5ledes ikke for hinandens r\u00e5dgivning.<\/p>\n<p>Hvert af de advokatfirmaer der tilsammen udg\u00f8r Advokaterne \u00c5boulevard, er ansvarlige for deres bistand over for klienterne i overensstemmelse med dansk rets almindelige regler, og alle advokaterne har tegnet ansvarsforsikring og stillet garanti efter de af Advokatsamfundets fastsatte regler. Ansvarsforsikringen d\u00e6kker al advokatvirksomhed, uanset hvor advokatvirksomheden ud\u00f8ves.<\/p>\n<p><span style=\"text-decoration: underline;\">Se forsikrings- og bankoplysninger under hver enkelt personprofil.<\/span><\/p>\n<p>Erstatningsansvar, herunder enhver partners og advokats erstatningsansvar, er begr\u00e6nset til forsikringens d\u00e6kningsmaksimum. D\u00e6kningsmaksimum er p\u00e5 kr. 2.5 mio. pr. advokat pr. \u00e5r og det samlede erstatningsbel\u00f8b til en klient for en skade kan ikke overstige dette bel\u00f8b. Opm\u00e6rksomheden henledes p\u00e5, at eventuelle \u00f8vrige krav s\u00e5ledes kan reducere d\u00e6kningsmaksimum.<\/p>\n<p>Klienten opfordres ved opstart af ny sag til at overveje, om der er behov\/\u00f8nske om st\u00f8rre forsikringsd\u00e6kning og straks meddele dette. I givet fald tegnes till\u00e6gsd\u00e6kning for den konkrete sag. Omkostningerne hertil p\u00e5hviler klienten.<\/p>\n<p>Ansvaret omfatter i intet tilf\u00e6lde \u00f8konomiske konsekvenstab, herunder driftstab, tab af data, mistet fortjeneste, goodwill, image m.v. eller andre former for indirekte tab.<\/p>\n\n\n<p><\/p>","protected":false},"excerpt":{"rendered":"<p>LOVPLIGTIGE OPLYSNINGER N\u00f8rgaard Engelbrechtsen Advokatfirma er en enkeltmandsvirksomhed oprettet under cvr.nr. 39061767 og har adresse p\u00e5 \u00c5boulevard 7d, 1635 K\u00f8benhavn V. N\u00f8rgaard Engelbrechtsen Advokatfirma er en del af kontorf\u00e6llesskabet Advokaterne \u00c5boulevard. Oplysninger om kontorf\u00e6llesskabets advokater, retsomr\u00e5der og forretningsbetingelser m.v. kan findes p\u00e5 hjemmesiden <a href=\"http:\/\/www.advo7d.dk\" rel=\"nofollow\">http:\/\/www.advo7d.dk<\/a>. Advokaterne hos N\u00f8rgaard Engelbrechtsen Advokatfirma er beskikket af justitsministeriet\/ civilstyrelsen i [&hellip;]<\/p>\n","protected":false},"author":222754461,"featured_media":0,"parent":0,"menu_order":0,"comment_status":"closed","ping_status":"closed","template":"","meta":{"site-sidebar-layout":"default","site-content-layout":"","ast-site-content-layout":"default","site-content-style":"default","site-sidebar-style":"default","ast-global-header-display":"","ast-banner-title-visibility":"","ast-main-header-display":"","ast-hfb-above-header-display":"","ast-hfb-below-header-display":"","ast-hfb-mobile-header-display":"","site-post-title":"","ast-breadcrumbs-content":"","ast-featured-img":"","footer-sml-layout":"","theme-transparent-header-meta":"","adv-header-id-meta":"","stick-header-meta":"","header-above-stick-meta":"","header-main-stick-meta":"","header-below-stick-meta":"","astra-migrate-meta-layouts":"set","ast-page-background-enabled":"default","ast-page-background-meta":{"desktop":{"background-color":"","background-image":"","background-repeat":"repeat","background-position":"center center","background-size":"auto","background-attachment":"scroll","background-type":"","background-media":"","overlay-type":"","overlay-color":"","overlay-gradient":""},"tablet":{"background-color":"","background-image":"","background-repeat":"repeat","background-position":"center center","background-size":"auto","background-attachment":"scroll","background-type":"","background-media":"","overlay-type":"","overlay-color":"","overlay-gradient":""},"mobile":{"background-color":"","background-image":"","background-repeat":"repeat","background-position":"center center","background-size":"auto","background-attachment":"scroll","background-type":"","background-media":"","overlay-type":"","overlay-color":"","overlay-gradient":""}},"ast-content-background-meta":{"desktop":{"background-color":"var(--ast-global-color-5)","background-image":"","background-repeat":"repeat","background-position":"center center","background-size":"auto","background-attachment":"scroll","background-type":"","background-media":"","overlay-type":"","overlay-color":"","overlay-gradient":""},"tablet":{"background-color":"var(--ast-global-color-5)","background-image":"","background-repeat":"repeat","background-position":"center center","background-size":"auto","background-attachment":"scroll","background-type":"","background-media":"","overlay-type":"","overlay-color":"","overlay-gradient":""},"mobile":{"background-color":"var(--ast-global-color-5)","background-image":"","background-repeat":"repeat","background-position":"center center","background-size":"auto","background-attachment":"scroll","background-type":"","background-media":"","overlay-type":"","overlay-color":"","overlay-gradient":""}},"advanced_seo_description":"","jetpack_seo_html_title":"","jetpack_seo_noindex":false,"footnotes":""},"class_list":["post-2293","page","type-page","status-publish","hentry"],"jetpack_likes_enabled":true,"jetpack_sharing_enabled":true,"jetpack_shortlink":"https:\/\/wp.me\/Pe4aiQ-AZ","jetpack-related-posts":[],"_links":{"self":[{"href":"https:\/\/norgaardengelbrechtsen.dk\/ar\/wp-json\/wp\/v2\/pages\/2293","targetHints":{"allow":["GET"]}}],"collection":[{"href":"https:\/\/norgaardengelbrechtsen.dk\/ar\/wp-json\/wp\/v2\/pages"}],"about":[{"href":"https:\/\/norgaardengelbrechtsen.dk\/ar\/wp-json\/wp\/v2\/types\/page"}],"author":[{"embeddable":true,"href":"https:\/\/norgaardengelbrechtsen.dk\/ar\/wp-json\/wp\/v2\/users\/222754461"}],"replies":[{"embeddable":true,"href":"https:\/\/norgaardengelbrechtsen.dk\/ar\/wp-json\/wp\/v2\/comments?post=2293"}],"version-history":[{"count":22,"href":"https:\/\/norgaardengelbrechtsen.dk\/ar\/wp-json\/wp\/v2\/pages\/2293\/revisions"}],"predecessor-version":[{"id":2397,"href":"https:\/\/norgaardengelbrechtsen.dk\/ar\/wp-json\/wp\/v2\/pages\/2293\/revisions\/2397"}],"wp:attachment":[{"href":"https:\/\/norgaardengelbrechtsen.dk\/ar\/wp-json\/wp\/v2\/media?parent=2293"}],"curies":[{"name":"wp","href":"https:\/\/api.w.org\/{rel}","templated":true}]}}